{"id":484,"date":"2025-01-01T08:30:00","date_gmt":"2025-01-01T08:30:00","guid":{"rendered":"https:\/\/trasparenza.comune.varzi.pv.it\/?page_id=484"},"modified":"2025-02-05T16:22:02","modified_gmt":"2025-02-05T16:22:02","slug":"servizi-in-rete-customer-satisfaction","status":"publish","type":"page","link":"https:\/\/trasparenza.comune.varzi.pv.it\/index.php\/servizi-erogati\/servizi-in-rete-customer-satisfaction\/","title":{"rendered":"Servizi in rete &#8211; customer satisfaction"},"content":{"rendered":"\n<p>Alla data odierna, secondo quanto stabilito dall&#8217;art.7 &#8211; comma 3 &#8211; del D.Lgs. n.82\/2005 (come modificato dall&#8217;art.8 &#8211; comma 1 &#8211; del D.Lgs. N.179\/2016) le pubbliche amministrazioni pubblicano i risultati delle rilevazione sulla soddisfazione da parte degli utenti rispetto alla qualit\u00e0 dei servizi in rete resi dall&#8217;utente, anche in termini di fruibilit\u00e0, accessibilit\u00e0 e tempestivit\u00e0, e le statistiche di utilizzo dei servizi stessi. Si da atto che ad oggi non sono state effettuate indagini rispetto alla qualit\u00e0 dei servizi in rete resi all&#8217;utente<\/p>\n","protected":false},"excerpt":{"rendered":"<p>Alla data odierna, secondo quanto stabilito dall&#8217;art.7 &#8211; comma 3 &#8211; del D.Lgs. n.82\/2005 (come modificato dall&#8217;art.8 &#8211; comma 1 &#8211; del D.Lgs. N.179\/2016) le pubbliche amministrazioni pubblicano i risultati delle rilevazione sulla soddisfazione da parte degli utenti rispetto alla qualit\u00e0 dei servizi in rete resi dall&#8217;utente, anche in termini di fruibilit\u00e0, accessibilit\u00e0 e tempestivit\u00e0, [&hellip;]<\/p>\n","protected":false},"author":1,"featured_media":0,"parent":158,"menu_order":0,"comment_status":"closed","ping_status":"closed","template":"","meta":{"footnotes":""},"class_list":["post-484","page","type-page","status-publish","hentry"],"_links":{"self":[{"href":"https:\/\/trasparenza.comune.varzi.pv.it\/index.php\/wp-json\/wp\/v2\/pages\/484","targetHints":{"allow":["GET"]}}],"collection":[{"href":"https:\/\/trasparenza.comune.varzi.pv.it\/index.php\/wp-json\/wp\/v2\/pages"}],"about":[{"href":"https:\/\/trasparenza.comune.varzi.pv.it\/index.php\/wp-json\/wp\/v2\/types\/page"}],"author":[{"embeddable":true,"href":"https:\/\/trasparenza.comune.varzi.pv.it\/index.php\/wp-json\/wp\/v2\/users\/1"}],"replies":[{"embeddable":true,"href":"https:\/\/trasparenza.comune.varzi.pv.it\/index.php\/wp-json\/wp\/v2\/comments?post=484"}],"version-history":[{"count":1,"href":"https:\/\/trasparenza.comune.varzi.pv.it\/index.php\/wp-json\/wp\/v2\/pages\/484\/revisions"}],"predecessor-version":[{"id":486,"href":"https:\/\/trasparenza.comune.varzi.pv.it\/index.php\/wp-json\/wp\/v2\/pages\/484\/revisions\/486"}],"up":[{"embeddable":true,"href":"https:\/\/trasparenza.comune.varzi.pv.it\/index.php\/wp-json\/wp\/v2\/pages\/158"}],"wp:attachment":[{"href":"https:\/\/trasparenza.comune.varzi.pv.it\/index.php\/wp-json\/wp\/v2\/media?parent=484"}],"curies":[{"name":"wp","href":"https:\/\/api.w.org\/{rel}","templated":true}]}}